{"id":2252,"date":"2026-01-28T19:41:57","date_gmt":"2026-01-28T19:41:57","guid":{"rendered":"https:\/\/solbiotech.fr\/?page_id=2252"},"modified":"2026-01-28T19:55:03","modified_gmt":"2026-01-28T19:55:03","slug":"politique-confidentialite-gdpr-rgdp","status":"publish","type":"page","link":"https:\/\/solbiotech.fr\/en\/politique-confidentialite-gdpr-rgdp\/","title":{"rendered":"POLITIQUE DE CONFIDENTIALIT\u00c9 (GDPR\/RGPD)"},"content":{"rendered":"\t\t<div data-elementor-type=\"wp-page\" data-elementor-id=\"2252\" class=\"elementor elementor-2252\">\n\t\t\t\t<div class=\"elementor-element elementor-element-39749159 e-flex e-con-boxed e-con e-parent\" data-id=\"39749159\" data-element_type=\"container\" data-e-type=\"container\">\n\t\t\t\t\t<div class=\"e-con-inner\">\n\t\t\t\t<div class=\"elementor-element elementor-element-592770e elementor-widget elementor-widget-heading\" data-id=\"592770e\" data-element_type=\"widget\" data-e-type=\"widget\" data-widget_type=\"heading.default\">\n\t\t\t\t<div class=\"elementor-widget-container\">\n\t\t\t\t\t<h2 class=\"elementor-heading-title elementor-size-default\">POLITIQUE DE CONFIDENTIALIT\u00c9 ET DE PROTECTION DES DONN\u00c9ES<\/h2>\t\t\t\t<\/div>\n\t\t\t\t<\/div>\n\t\t\t\t<div class=\"elementor-element elementor-element-5d0275aa elementor-widget elementor-widget-text-editor\" data-id=\"5d0275aa\" data-element_type=\"widget\" data-e-type=\"widget\" data-widget_type=\"text-editor.default\">\n\t\t\t\t<div class=\"elementor-widget-container\">\n\t\t\t\t\t\t\t\t\t<h4 data-path-to-node=\"40\">1. Pr\u00e9ambule<\/h4>\n<p data-path-to-node=\"41\">La pr\u00e9sente politique de confidentialit\u00e9 a pour but d&#8217;exposer aux utilisateurs du site :<\/p>\n\n<ul data-path-to-node=\"42\">\n \t<li>\n<p data-path-to-node=\"42,0,0\">La mani\u00e8re dont sont collect\u00e9es et trait\u00e9es leurs donn\u00e9es \u00e0 caract\u00e8re personnel.<\/p>\n<\/li>\n \t<li>\n<p data-path-to-node=\"42,1,0\">Quels sont les droits des utilisateurs concernant ces donn\u00e9es.<\/p>\n<\/li>\n \t<li>\n<p data-path-to-node=\"42,2,0\">Qui est responsable du traitement des donn\u00e9es.<\/p>\n<\/li>\n<\/ul>\n<h4 data-path-to-node=\"43\">2. Donn\u00e9es collect\u00e9es<\/h4>\n<p data-path-to-node=\"44\">Dans le cadre de l&#8217;utilisation de notre site, nous pouvons collecter les donn\u00e9es suivantes :<\/p>\n\n<ul data-path-to-node=\"45\">\n \t<li>\n<p data-path-to-node=\"45,0,0\"><b data-path-to-node=\"45,0,0\" data-index-in-node=\"0\">Identit\u00e9 et contact :<\/b> Nom, pr\u00e9nom, adresse email, adresse de livraison, num\u00e9ro de t\u00e9l\u00e9phone (n\u00e9cessaires pour la livraison).<\/p>\n<\/li>\n \t<li>\n<p data-path-to-node=\"45,1,0\"><b data-path-to-node=\"45,1,0\" data-index-in-node=\"0\">Paiement :<\/b> Informations de transaction (trait\u00e9es de mani\u00e8re s\u00e9curis\u00e9e par nos prestataires de paiement).<\/p>\n<\/li>\n \t<li>\n<p data-path-to-node=\"45,2,0\"><b data-path-to-node=\"45,2,0\" data-index-in-node=\"0\">Navigation :<\/b> Cookies, adresse IP, donn\u00e9es de connexion.<\/p>\n<\/li>\n<\/ul>\n<h4 data-path-to-node=\"46\">3. Finalit\u00e9s du traitement<\/h4>\n<p data-path-to-node=\"47\">Vos donn\u00e9es sont collect\u00e9es pour les finalit\u00e9s suivantes :<\/p>\n\n<ol start=\"1\" data-path-to-node=\"48\">\n \t<li>\n<p data-path-to-node=\"48,0,0\">Gestion des commandes et de la livraison.<\/p>\n<\/li>\n \t<li>\n<p data-path-to-node=\"48,1,0\">Service client et suivi des r\u00e9clamations.<\/p>\n<\/li>\n \t<li>\n<p data-path-to-node=\"48,2,0\">Envoi d&#8217;offres commerciales (uniquement si vous avez coch\u00e9 la case &#8220;J&#8217;accepte de recevoir la newsletter&#8221;).<\/p>\n<\/li>\n \t<li>\n<p data-path-to-node=\"48,3,0\">Am\u00e9lioration de l&#8217;exp\u00e9rience utilisateur (statistiques).<\/p>\n<\/li>\n<\/ol>\n<h4 data-path-to-node=\"49\">4. Responsable du traitement<\/h4>\n<p data-path-to-node=\"50\">Le responsable du traitement des donn\u00e9es est la soci\u00e9t\u00e9 SAS Mariana Gavalova, repr\u00e9sent\u00e9e par Mariana Gavalova. Vous pouvez nous contacter \u00e0 : <span data-path-to-node=\"50\" data-index-in-node=\"143\">info@solbiotech.fr<\/span>.<\/p>\n\n<h4 data-path-to-node=\"51\">5. Vos droits (RGPD)<\/h4>\n<p data-path-to-node=\"52\">Conform\u00e9ment au R\u00e8glement G\u00e9n\u00e9ral sur la Protection des Donn\u00e9es (RGPD), vous disposez des droits suivants :<\/p>\n\n<div><\/div>\n<ul data-path-to-node=\"53\">\n \t<li>\n<p data-path-to-node=\"53,0,0\">Droit d&#8217;acc\u00e8s, de rectification et d&#8217;effacement de vos donn\u00e9es.<\/p>\n<\/li>\n \t<li>\n<p data-path-to-node=\"53,1,0\">Droit \u00e0 la limitation du traitement.<\/p>\n<\/li>\n \t<li>\n<p data-path-to-node=\"53,2,0\">Droit de vous opposer au traitement des donn\u00e9es.<\/p>\n<\/li>\n \t<li>\n<p data-path-to-node=\"53,3,0\">Droit \u00e0 la portabilit\u00e9 de vos donn\u00e9es.<\/p>\n<\/li>\n<\/ul>\n<p data-path-to-node=\"54\">Pour exercer ces droits, veuillez nous contacter par mail \u00e0 : info@solbiotech.fr<\/p>\n\n<h4 data-path-to-node=\"55\">6. Cookies<\/h4>\n<p data-path-to-node=\"56\">Notre site utilise des \u00ab cookies \u00bb pour traiter des statistiques et des informations sur le trafic, faciliter la navigation et am\u00e9liorer le service. Lors de votre premi\u00e8re visite, un bandeau vous demandera votre consentement pour l&#8217;utilisation de cookies non-essentiels. Vous pouvez param\u00e9trer vos pr\u00e9f\u00e9rences \u00e0 tout moment.<\/p>\n\n<h4 data-path-to-node=\"57\">7. Dur\u00e9e de conservation<\/h4>\n<p data-path-to-node=\"58\">Vos donn\u00e9es personnelles sont conserv\u00e9es le temps n\u00e9cessaire \u00e0 la r\u00e9alisation des finalit\u00e9s pour lesquelles elles ont \u00e9t\u00e9 collect\u00e9es (ex: 3 ans pour la prospection commerciale, 10 ans pour les factures comptables).<\/p>\n<p data-path-to-node=\"62\">ANNEXE &#8211; MOD\u00c8LE DE FORMULAIRE DE R\u00c9TRACTATION<\/b>\n<i data-path-to-node=\"62\" data-index-in-node=\"46\">(Veuillez compl\u00e9ter et renvoyer le pr\u00e9sent formulaire uniquement si vous souhaitez vous r\u00e9tracter du contrat)<\/i><\/p>\n<p data-path-to-node=\"63\">A l&#8217;attention de SAS Mariana Gavalova<\/b>,\u00a0<span style=\"color: #0c0d10;\">RESIDENCE BEAUGENCY APPT 118, 105 AVENUE LOUIS BARTHOU, 33200 BORDEAUX<\/span>, <info@solbiotech.fr :<\/p>\n<p data-path-to-node=\"64\">Je vous notifie par la pr\u00e9sente ma r\u00e9tractation du contrat portant sur la vente du bien ci-dessous :<\/p>\n\n<ul data-path-to-node=\"65\">\n \t<li>\n<p data-path-to-node=\"65,0,0\">Command\u00e9 le : _______________<\/p>\n<\/li>\n \t<li>\n<p data-path-to-node=\"65,1,0\">Re\u00e7u le : _______________<\/p>\n<\/li>\n \t<li>\n<p data-path-to-node=\"65,2,0\">Num\u00e9ro de commande : _______________<\/p>\n<\/li>\n \t<li>\n<p data-path-to-node=\"65,3,0\">Nom du consommateur : _______________<\/p>\n<\/li>\n \t<li>\n<p data-path-to-node=\"65,4,0\">Adresse du consommateur : _______________<\/p>\n<\/li>\n<\/ul>\n<p data-path-to-node=\"66\">Signature (uniquement en cas de notification du pr\u00e9sent formulaire sur papier) :\nDate :<\/p>\t\t\t\t\t\t\t\t<\/div>\n\t\t\t\t<\/div>\n\t\t\t\t\t<\/div>\n\t\t\t\t<\/div>\n\t\t\t\t<\/div>\n\t\t","protected":false},"excerpt":{"rendered":"<p>POLITIQUE DE CONFIDENTIALIT\u00c9 ET DE PROTECTION DES DONN\u00c9ES 1. Pr\u00e9ambule La pr\u00e9sente politique de confidentialit\u00e9 a pour but d&#8217;exposer aux utilisateurs du site : La mani\u00e8re dont sont collect\u00e9es et trait\u00e9es leurs donn\u00e9es \u00e0 caract\u00e8re personnel. Quels sont les droits des utilisateurs concernant ces donn\u00e9es. Qui est responsable du traitement des donn\u00e9es. 2. Donn\u00e9es collect\u00e9es [&hellip;]<\/p>\n","protected":false},"author":1,"featured_media":0,"parent":0,"menu_order":0,"comment_status":"closed","ping_status":"closed","template":"","meta":{"_acf_changed":false,"_uag_custom_page_level_css":"","site-sidebar-layout":"default","site-content-layout":"","ast-site-content-layout":"default","site-content-style":"default","site-sidebar-style":"default","ast-global-header-display":"","ast-banner-title-visibility":"","ast-main-header-display":"","ast-hfb-above-header-display":"","ast-hfb-below-header-display":"","ast-hfb-mobile-header-display":"","site-post-title":"","ast-breadcrumbs-content":"","ast-featured-img":"","footer-sml-layout":"","ast-disable-related-posts":"","theme-transparent-header-meta":"default","adv-header-id-meta":"","stick-header-meta":"default","header-above-stick-meta":"","header-main-stick-meta":"","header-below-stick-meta":"","astra-migrate-meta-layouts":"set","ast-page-background-enabled":"default","ast-page-background-meta":{"desktop":{"background-color":"var(--ast-global-color-4)","background-image":"","background-repeat":"repeat","background-position":"center center","background-size":"auto","background-attachment":"scroll","background-type":"","background-media":"","overlay-type":"","overlay-color":"","overlay-opacity":"","overlay-gradient":""},"tablet":{"background-color":"","background-image":"","background-repeat":"repeat","background-position":"center center","background-size":"auto","background-attachment":"scroll","background-type":"","background-media":"","overlay-type":"","overlay-color":"","overlay-opacity":"","overlay-gradient":""},"mobile":{"background-color":"","background-image":"","background-repeat":"repeat","background-position":"center center","background-size":"auto","background-attachment":"scroll","background-type":"","background-media":"","overlay-type":"","overlay-color":"","overlay-opacity":"","overlay-gradient":""}},"ast-content-background-meta":{"desktop":{"background-color":"var(--ast-global-color-5)","background-image":"","background-repeat":"repeat","background-position":"center center","background-size":"auto","background-attachment":"scroll","background-type":"","background-media":"","overlay-type":"","overlay-color":"","overlay-opacity":"","overlay-gradient":""},"tablet":{"background-color":"var(--ast-global-color-5)","background-image":"","background-repeat":"repeat","background-position":"center center","background-size":"auto","background-attachment":"scroll","background-type":"","background-media":"","overlay-type":"","overlay-color":"","overlay-opacity":"","overlay-gradient":""},"mobile":{"background-color":"var(--ast-global-color-5)","background-image":"","background-repeat":"repeat","background-position":"center center","background-size":"auto","background-attachment":"scroll","background-type":"","background-media":"","overlay-type":"","overlay-color":"","overlay-opacity":"","overlay-gradient":""}},"footnotes":""},"class_list":["post-2252","page","type-page","status-publish","hentry"],"acf":[],"uagb_featured_image_src":{"full":false,"thumbnail":false,"medium":false,"medium_large":false,"large":false,"1536x1536":false,"2048x2048":false,"woocommerce_thumbnail":false,"woocommerce_single":false,"woocommerce_gallery_thumbnail":false},"uagb_author_info":{"display_name":"804185pwpadmin","author_link":"https:\/\/solbiotech.fr\/en\/author\/804185pwpadmin\/"},"uagb_comment_info":0,"uagb_excerpt":"POLITIQUE DE CONFIDENTIALIT\u00c9 ET DE PROTECTION DES DONN\u00c9ES 1. Pr\u00e9ambule La pr\u00e9sente politique de confidentialit\u00e9 a pour but d&#8217;exposer aux utilisateurs du site : La mani\u00e8re dont sont collect\u00e9es et trait\u00e9es leurs donn\u00e9es \u00e0 caract\u00e8re personnel. Quels sont les droits des utilisateurs concernant ces donn\u00e9es. Qui est responsable du traitement des donn\u00e9es. 2. Donn\u00e9es collect\u00e9es&hellip;","_links":{"self":[{"href":"https:\/\/solbiotech.fr\/en\/wp-json\/wp\/v2\/pages\/2252","targetHints":{"allow":["GET"]}}],"collection":[{"href":"https:\/\/solbiotech.fr\/en\/wp-json\/wp\/v2\/pages"}],"about":[{"href":"https:\/\/solbiotech.fr\/en\/wp-json\/wp\/v2\/types\/page"}],"author":[{"embeddable":true,"href":"https:\/\/solbiotech.fr\/en\/wp-json\/wp\/v2\/users\/1"}],"replies":[{"embeddable":true,"href":"https:\/\/solbiotech.fr\/en\/wp-json\/wp\/v2\/comments?post=2252"}],"version-history":[{"count":6,"href":"https:\/\/solbiotech.fr\/en\/wp-json\/wp\/v2\/pages\/2252\/revisions"}],"predecessor-version":[{"id":2261,"href":"https:\/\/solbiotech.fr\/en\/wp-json\/wp\/v2\/pages\/2252\/revisions\/2261"}],"wp:attachment":[{"href":"https:\/\/solbiotech.fr\/en\/wp-json\/wp\/v2\/media?parent=2252"}],"curies":[{"name":"wp","href":"https:\/\/api.w.org\/{rel}","templated":true}]}}