{"id":2247,"date":"2026-01-28T19:33:21","date_gmt":"2026-01-28T19:33:21","guid":{"rendered":"https:\/\/solbiotech.fr\/?page_id=2247"},"modified":"2026-01-28T19:46:56","modified_gmt":"2026-01-28T19:46:56","slug":"cgv","status":"publish","type":"page","link":"https:\/\/solbiotech.fr\/en\/cgv\/","title":{"rendered":"CONDITIONS G\u00c9N\u00c9RALES DE VENTE"},"content":{"rendered":"\t\t<div data-elementor-type=\"wp-page\" data-elementor-id=\"2247\" class=\"elementor elementor-2247\">\n\t\t\t\t<div class=\"elementor-element elementor-element-39749159 e-flex e-con-boxed e-con e-parent\" data-id=\"39749159\" data-element_type=\"container\" data-e-type=\"container\">\n\t\t\t\t\t<div class=\"e-con-inner\">\n\t\t\t\t<div class=\"elementor-element elementor-element-592770e elementor-widget elementor-widget-heading\" data-id=\"592770e\" data-element_type=\"widget\" data-e-type=\"widget\" data-widget_type=\"heading.default\">\n\t\t\t\t<div class=\"elementor-widget-container\">\n\t\t\t\t\t<h2 class=\"elementor-heading-title elementor-size-default\">CONDITIONS G\u00c9N\u00c9RALES DE VENTE (CGV)<\/h2>\t\t\t\t<\/div>\n\t\t\t\t<\/div>\n\t\t\t\t<div class=\"elementor-element elementor-element-5d0275aa elementor-widget elementor-widget-text-editor\" data-id=\"5d0275aa\" data-element_type=\"widget\" data-e-type=\"widget\" data-widget_type=\"text-editor.default\">\n\t\t\t\t<div class=\"elementor-widget-container\">\n\t\t\t\t\t\t\t\t\t<h3 data-path-to-node=\"3\">\u00a0<b style=\"font-size: 16px; font-style: inherit; color: #000000; background-color: initial; font-family: Inter, sans-serif;\" data-path-to-node=\"8\" data-index-in-node=\"0\">Date de derni\u00e8re mise \u00e0 jour :<\/b><span style=\"font-size: 16px; font-style: inherit; font-weight: inherit; color: #000000; background-color: initial; font-family: Inter, sans-serif;\">\u00a029\/01\/2026<\/span><\/h3><h4 data-path-to-node=\"9\">Article 1 &#8211; Objet<\/h4><p data-path-to-node=\"10\">Les pr\u00e9sentes conditions r\u00e9gissent les ventes par la soci\u00e9t\u00e9 SAS Mariana Gavalova, SAS au capital de \u20ac2000\u00a0euros, immatricul\u00e9e au RCS de Bordeaux<span style=\"font-style: inherit; font-weight: inherit; background-color: initial;\">\u00a0sous le num\u00e9ro\u00a0<\/span><span style=\"background-color: initial;\">942115650<\/span><span style=\"font-style: inherit; font-weight: inherit; background-color: initial;\">, dont le si\u00e8ge social est au RESIDENCE BEAUGENCY, 105 AVENUE LOUIS BARTHOU, 33200 BORDEAUX<\/span><span style=\"font-style: inherit; font-weight: inherit; background-color: initial;\">\u00a0(ci-apr\u00e8s le \u00ab Vendeur \u00bb).<\/span><\/p><h4 data-path-to-node=\"11\">Article 2 &#8211; Prix<\/h4><p data-path-to-node=\"12\">Les prix de nos produits sont indiqu\u00e9s en euros toutes taxes comprises (TTC), sauf indication contraire et hors frais de traitement et d&#8217;exp\u00e9dition. Le Vendeur se r\u00e9serve le droit de modifier ses prix \u00e0 tout moment, mais le produit sera factur\u00e9 sur la base du tarif en vigueur au moment de la validation de la commande.<\/p><h4 data-path-to-node=\"13\">Article 3 &#8211; Commandes<\/h4><p data-path-to-node=\"14\">Vous pouvez passer commande sur notre site : solbiotech.fr. Toute commande figure l&#8217;adh\u00e9sion pleine et enti\u00e8re aux pr\u00e9sentes Conditions G\u00e9n\u00e9rales de Vente.<\/p><h4 data-path-to-node=\"15\">Article 4 &#8211; Validation de la commande<\/h4><p data-path-to-node=\"16\">La confirmation de la commande vaudra signature et acceptation des op\u00e9rations effectu\u00e9es. Un r\u00e9capitulatif des informations de votre commande vous sera communiqu\u00e9 via l&#8217;adresse e-mail de confirmation de votre commande.<\/p><h4 data-path-to-node=\"17\">Article 5 &#8211; Paiement<\/h4><p data-path-to-node=\"18\">Le fait de valider votre commande implique pour vous l&#8217;obligation de payer le prix indiqu\u00e9. Le r\u00e8glement de vos achats s&#8217;effectue par carte bancaire. Le d\u00e9bit de la carte est effectu\u00e9 au moment de la commande.<\/p><h4 data-path-to-node=\"19\">Article 6 &#8211; Livraison<\/h4><p data-path-to-node=\"20\">Les produits sont livr\u00e9s \u00e0 l&#8217;adresse de livraison indiqu\u00e9e au cours du processus de commande. Les d\u00e9lais de livraison sont de 3-7 jours\u00a0apr\u00e8s validation de la commande. En cas de retard d&#8217;exp\u00e9dition, un mail vous sera adress\u00e9 pour vous informer d&#8217;une \u00e9ventuelle cons\u00e9quence sur le d\u00e9lai de livraison qui vous a \u00e9t\u00e9 indiqu\u00e9.<\/p><h4 data-path-to-node=\"21\">Article 7 &#8211; Droit de r\u00e9tractation<\/h4><p data-path-to-node=\"22\">Conform\u00e9ment aux dispositions de l&#8217;article L.221-18 du Code de la Consommation, vous disposez d&#8217;un d\u00e9lai de 14 jours \u00e0 compter de la r\u00e9ception de vos produits pour exercer votre droit de r\u00e9tractation sans avoir \u00e0 justifier de motifs ni \u00e0 payer de p\u00e9nalit\u00e9. Les retours sont \u00e0 effectuer dans leur \u00e9tat d&#8217;origine et complets (emballage, accessoires, notice). Dans ce cadre, votre responsabilit\u00e9 est engag\u00e9e. Tout dommage subi par le produit \u00e0 cette occasion peut \u00eatre de nature \u00e0 faire \u00e9chec au droit de r\u00e9tractation.<\/p><ul data-path-to-node=\"23\"><li><p data-path-to-node=\"23,0,0\"><b data-path-to-node=\"23,0,0\" data-index-in-node=\"0\">Frais de retour :<\/b> Les frais de retour sont \u00e0 votre charge.<\/p><\/li><li><p data-path-to-node=\"23,1,0\"><b data-path-to-node=\"23,1,0\" data-index-in-node=\"0\">Remboursement :<\/b> En cas d&#8217;exercice du droit de r\u00e9tractation, le Vendeur proc\u00e9dera au remboursement des sommes vers\u00e9es, dans un d\u00e9lai de 14 jours suivant la notification de votre demande.<\/p><\/li><\/ul><h4 data-path-to-node=\"25\">Article 8 &#8211; Garanties<\/h4><p data-path-to-node=\"26\">Tous nos produits b\u00e9n\u00e9ficient de la garantie l\u00e9gale de conformit\u00e9 (articles L.217-4 et suivants du Code de la consommation) et de la garantie des vices cach\u00e9s (articles 1641 et suivants du Code civil). En cas de non-conformit\u00e9 d&#8217;un produit vendu, il pourra \u00eatre retourn\u00e9, \u00e9chang\u00e9 ou rembours\u00e9. Toutes les r\u00e9clamations doivent s&#8217;effectuer par mail \u00e0 : <b>info@solbiotech.fr<\/b><\/p><h4 data-path-to-node=\"27\">Article 9 &#8211; Responsabilit\u00e9<\/h4><p data-path-to-node=\"28\">La responsabilit\u00e9 du Vendeur ne saurait \u00eatre engag\u00e9e en cas de non-ex\u00e9cution ou de mauvaise ex\u00e9cution du contrat due soit au fait de l&#8217;acheteur, soit au fait insurmontable et impr\u00e9visible d&#8217;un tiers au contrat, soit \u00e0 la force majeure.<\/p><h4 data-path-to-node=\"31\">Article 10 &#8211; Droit applicable<\/h4><p data-path-to-node=\"32\">Toutes les clauses figurant dans les pr\u00e9sentes conditions g\u00e9n\u00e9rales de vente, ainsi que toutes les op\u00e9rations d&#8217;achat et de vente qui y sont vis\u00e9es, seront soumises au droit fran\u00e7ais.<\/p>\t\t\t\t\t\t\t\t<\/div>\n\t\t\t\t<\/div>\n\t\t\t\t\t<\/div>\n\t\t\t\t<\/div>\n\t\t<div class=\"elementor-element elementor-element-78a31e1 e-flex e-con-boxed e-con e-parent\" data-id=\"78a31e1\" data-element_type=\"container\" data-e-type=\"container\">\n\t\t\t\t\t<div class=\"e-con-inner\">\n\t\t\t\t<div class=\"elementor-element elementor-element-8cf4f29 elementor-hidden-desktop elementor-hidden-tablet elementor-hidden-mobile elementor-widget elementor-widget-text-editor\" data-id=\"8cf4f29\" data-element_type=\"widget\" data-e-type=\"widget\" data-widget_type=\"text-editor.default\">\n\t\t\t\t<div class=\"elementor-widget-container\">\n\t\t\t\t\t\t\t\t\t<h4 data-path-to-node=\"29\">Article 11 &#8211; M\u00e9diation<\/h4>\n<p data-path-to-node=\"30\">Conform\u00e9ment \u00e0 l&#8217;article L. 612-1 du Code de la consommation, le consommateur peut recourir gratuitement au service de m\u00e9diation dont nous relevons :&nbsp;<b data-path-to-node=\"30\" data-index-in-node=\"150\">[Nom du M\u00e9diateur que vous avez pay\u00e9]<\/b>. Adresse du m\u00e9diateur :&nbsp;<b data-path-to-node=\"30\" data-index-in-node=\"212\">[Adresse postale du m\u00e9diateur]<\/b>. Site web du m\u00e9diateur :&nbsp;<b data-path-to-node=\"30\" data-index-in-node=\"268\"><a class=\"ng-star-inserted\" href=\"http:\/\/www.univ-lemans.fr\/fr\/formation\/catalogue-des-formations\/diplome-d-universite-DUN\/droit-economie-gestion-0002\/du-mediation-JUW9BSBG.html\" target=\"_blank\" rel=\"noopener\">http:\/\/www.univ-lemans.fr\/fr\/formation\/catalogue-des-formations\/diplome-d-universite-DUN\/droit-economie-gestion-0002\/du-mediation-JUW9BSBG.html<\/a><\/b>.<\/p>\t\t\t\t\t\t\t\t<\/div>\n\t\t\t\t<\/div>\n\t\t\t\t\t<\/div>\n\t\t\t\t<\/div>\n\t\t\t\t<\/div>\n\t\t","protected":false},"excerpt":{"rendered":"<p>CONDITIONS G\u00c9N\u00c9RALES DE VENTE (CGV) \u00a0Date de derni\u00e8re mise \u00e0 jour :\u00a029\/01\/2026 Article 1 &#8211; Objet Les pr\u00e9sentes conditions r\u00e9gissent les ventes par la soci\u00e9t\u00e9 SAS Mariana Gavalova, SAS au capital de \u20ac2000\u00a0euros, immatricul\u00e9e au RCS de Bordeaux\u00a0sous le num\u00e9ro\u00a0942115650, dont le si\u00e8ge social est au RESIDENCE BEAUGENCY, 105 AVENUE LOUIS BARTHOU, 33200 BORDEAUX\u00a0(ci-apr\u00e8s le [&hellip;]<\/p>\n","protected":false},"author":1,"featured_media":0,"parent":0,"menu_order":0,"comment_status":"closed","ping_status":"closed","template":"","meta":{"_acf_changed":false,"_uag_custom_page_level_css":"","site-sidebar-layout":"default","site-content-layout":"","ast-site-content-layout":"default","site-content-style":"default","site-sidebar-style":"default","ast-global-header-display":"","ast-banner-title-visibility":"","ast-main-header-display":"","ast-hfb-above-header-display":"","ast-hfb-below-header-display":"","ast-hfb-mobile-header-display":"","site-post-title":"","ast-breadcrumbs-content":"","ast-featured-img":"","footer-sml-layout":"","ast-disable-related-posts":"","theme-transparent-header-meta":"default","adv-header-id-meta":"","stick-header-meta":"default","header-above-stick-meta":"","header-main-stick-meta":"","header-below-stick-meta":"","astra-migrate-meta-layouts":"set","ast-page-background-enabled":"default","ast-page-background-meta":{"desktop":{"background-color":"var(--ast-global-color-4)","background-image":"","background-repeat":"repeat","background-position":"center center","background-size":"auto","background-attachment":"scroll","background-type":"","background-media":"","overlay-type":"","overlay-color":"","overlay-opacity":"","overlay-gradient":""},"tablet":{"background-color":"","background-image":"","background-repeat":"repeat","background-position":"center center","background-size":"auto","background-attachment":"scroll","background-type":"","background-media":"","overlay-type":"","overlay-color":"","overlay-opacity":"","overlay-gradient":""},"mobile":{"background-color":"","background-image":"","background-repeat":"repeat","background-position":"center center","background-size":"auto","background-attachment":"scroll","background-type":"","background-media":"","overlay-type":"","overlay-color":"","overlay-opacity":"","overlay-gradient":""}},"ast-content-background-meta":{"desktop":{"background-color":"var(--ast-global-color-5)","background-image":"","background-repeat":"repeat","background-position":"center center","background-size":"auto","background-attachment":"scroll","background-type":"","background-media":"","overlay-type":"","overlay-color":"","overlay-opacity":"","overlay-gradient":""},"tablet":{"background-color":"var(--ast-global-color-5)","background-image":"","background-repeat":"repeat","background-position":"center center","background-size":"auto","background-attachment":"scroll","background-type":"","background-media":"","overlay-type":"","overlay-color":"","overlay-opacity":"","overlay-gradient":""},"mobile":{"background-color":"var(--ast-global-color-5)","background-image":"","background-repeat":"repeat","background-position":"center center","background-size":"auto","background-attachment":"scroll","background-type":"","background-media":"","overlay-type":"","overlay-color":"","overlay-opacity":"","overlay-gradient":""}},"footnotes":""},"class_list":["post-2247","page","type-page","status-publish","hentry"],"acf":[],"uagb_featured_image_src":{"full":false,"thumbnail":false,"medium":false,"medium_large":false,"large":false,"1536x1536":false,"2048x2048":false,"woocommerce_thumbnail":false,"woocommerce_single":false,"woocommerce_gallery_thumbnail":false},"uagb_author_info":{"display_name":"804185pwpadmin","author_link":"https:\/\/solbiotech.fr\/en\/author\/804185pwpadmin\/"},"uagb_comment_info":0,"uagb_excerpt":"CONDITIONS G\u00c9N\u00c9RALES DE VENTE (CGV) \u00a0Date de derni\u00e8re mise \u00e0 jour :\u00a029\/01\/2026 Article 1 &#8211; Objet Les pr\u00e9sentes conditions r\u00e9gissent les ventes par la soci\u00e9t\u00e9 SAS Mariana Gavalova, SAS au capital de \u20ac2000\u00a0euros, immatricul\u00e9e au RCS de Bordeaux\u00a0sous le num\u00e9ro\u00a0942115650, dont le si\u00e8ge social est au RESIDENCE BEAUGENCY, 105 AVENUE LOUIS BARTHOU, 33200 BORDEAUX\u00a0(ci-apr\u00e8s le&hellip;","_links":{"self":[{"href":"https:\/\/solbiotech.fr\/en\/wp-json\/wp\/v2\/pages\/2247","targetHints":{"allow":["GET"]}}],"collection":[{"href":"https:\/\/solbiotech.fr\/en\/wp-json\/wp\/v2\/pages"}],"about":[{"href":"https:\/\/solbiotech.fr\/en\/wp-json\/wp\/v2\/types\/page"}],"author":[{"embeddable":true,"href":"https:\/\/solbiotech.fr\/en\/wp-json\/wp\/v2\/users\/1"}],"replies":[{"embeddable":true,"href":"https:\/\/solbiotech.fr\/en\/wp-json\/wp\/v2\/comments?post=2247"}],"version-history":[{"count":5,"href":"https:\/\/solbiotech.fr\/en\/wp-json\/wp\/v2\/pages\/2247\/revisions"}],"predecessor-version":[{"id":2259,"href":"https:\/\/solbiotech.fr\/en\/wp-json\/wp\/v2\/pages\/2247\/revisions\/2259"}],"wp:attachment":[{"href":"https:\/\/solbiotech.fr\/en\/wp-json\/wp\/v2\/media?parent=2247"}],"curies":[{"name":"wp","href":"https:\/\/api.w.org\/{rel}","templated":true}]}}