{"id":2221,"date":"2026-01-28T18:03:12","date_gmt":"2026-01-28T18:03:12","guid":{"rendered":"https:\/\/solbiotech.fr\/?page_id=2221"},"modified":"2026-01-28T19:32:10","modified_gmt":"2026-01-28T19:32:10","slug":"mentions-legales","status":"publish","type":"page","link":"https:\/\/solbiotech.fr\/en\/mentions-legales\/","title":{"rendered":"MENTIONS L\u00c9GALES"},"content":{"rendered":"\t\t<div data-elementor-type=\"wp-page\" data-elementor-id=\"2221\" class=\"elementor elementor-2221\">\n\t\t\t\t<div class=\"elementor-element elementor-element-39749159 e-flex e-con-boxed e-con e-parent\" data-id=\"39749159\" data-element_type=\"container\" data-e-type=\"container\">\n\t\t\t\t\t<div class=\"e-con-inner\">\n\t\t\t\t<div class=\"elementor-element elementor-element-592770e elementor-widget elementor-widget-heading\" data-id=\"592770e\" data-element_type=\"widget\" data-e-type=\"widget\" data-widget_type=\"heading.default\">\n\t\t\t\t<div class=\"elementor-widget-container\">\n\t\t\t\t\t<h2 class=\"elementor-heading-title elementor-size-default\">Mentions L\u00e9gales<\/h2>\t\t\t\t<\/div>\n\t\t\t\t<\/div>\n\t\t\t\t<div class=\"elementor-element elementor-element-5d0275aa elementor-widget elementor-widget-text-editor\" data-id=\"5d0275aa\" data-element_type=\"widget\" data-e-type=\"widget\" data-widget_type=\"text-editor.default\">\n\t\t\t\t<div class=\"elementor-widget-container\">\n\t\t\t\t\t\t\t\t\t<p>Conform\u00e9ment aux dispositions de la loi n\u00b0 2004-575 du 21 juin 2004 pour la confiance en l&#8217;\u00e9conomie num\u00e9rique, il est pr\u00e9cis\u00e9 aux utilisateurs du site solbiotech.fr l&#8217;identit\u00e9 des diff\u00e9rents intervenants dans le cadre de sa r\u00e9alisation et de son suivi.<\/p><p><strong>1. \u00c9dition du site<\/strong><br \/>Le pr\u00e9sent site, accessible \u00e0 l\u2019URL solbiotech.fr (le \u00ab Site \u00bb), est \u00e9dit\u00e9 par :<\/p><p>Mariana Gavalova SolBioTech, soci\u00e9t\u00e9 par actions simplifi\u00e9e (SAS) au capital de [Amount] euros, inscrite au R.C.S. de [City of Registration] sous le num\u00e9ro [Siren\/RCS Number], dont le si\u00e8ge social est situ\u00e9 au 105, AV Louis Barthou Residence Beaugency, 33200 Bordeaux, repr\u00e9sent\u00e9e par Mariana Gavalova d\u00fbment habilit\u00e9(e).<\/p><p>Num\u00e9ro de TVA intracommunautaire : [FR 53942115650]<\/p><p>Num\u00e9ro SIRET : [94211565000015]<\/p><p>2. R\u00e9daction<br \/>Le Directeur de la publication du Site est Mariana Gavalove.<\/p><p>3. H\u00e9bergement<br \/>Le Site est h\u00e9berg\u00e9 par la soci\u00e9t\u00e9 [Name of Hosting Provider], situ\u00e9 au [Address of the Host].<\/p><p>Contact t\u00e9l\u00e9phonique de l&#8217;h\u00e9bergeur : [Host&#8217;s Phone Number]<\/p><p>4. Nous contacter<br \/>Par t\u00e9l\u00e9phone : <span style=\"color: #000000;\"><a style=\"color: #000000;\" href=\"tel:+33123456789\">+33 6 64 29 01 40<\/a><\/span> (Note: Ce num\u00e9ro ne doit pas \u00eatre surtax\u00e9)<\/p><p>Par email : <span style=\"color: #000000;\"><a style=\"color: #000000;\" href=\"mailto:info@yourdomain.com\">info@solbiotech.fr<\/a><\/span><\/p><p>Par courrier : 105, AV Louis Barthou Residence Beaugency, 33200 Bordeaux<\/p><p>5. Donn\u00e9es personnelles<br \/>Le traitement de vos donn\u00e9es \u00e0 caract\u00e8re personnel est r\u00e9gi par notre Charte du respect de la vie priv\u00e9e, disponible depuis la section &#8220;Politique de Confidentialit\u00e9&#8221;, conform\u00e9ment au R\u00e8glement G\u00e9n\u00e9ral sur la Protection des Donn\u00e9es 2016\/679 du 27 avril 2016 (\u00ab RGPD \u00bb).<\/p><p>\u00a0<\/p>\t\t\t\t\t\t\t\t<\/div>\n\t\t\t\t<\/div>\n\t\t\t\t\t<\/div>\n\t\t\t\t<\/div>\n\t\t<div class=\"elementor-element elementor-element-ae3319f e-flex e-con-boxed e-con e-parent\" data-id=\"ae3319f\" data-element_type=\"container\" data-e-type=\"container\">\n\t\t\t\t\t<div class=\"e-con-inner\">\n\t\t\t\t<div class=\"elementor-element elementor-element-57fb019 elementor-hidden-desktop elementor-hidden-tablet elementor-hidden-mobile elementor-widget elementor-widget-text-editor\" data-id=\"57fb019\" data-element_type=\"widget\" data-e-type=\"widget\" data-widget_type=\"text-editor.default\">\n\t\t\t\t<div class=\"elementor-widget-container\">\n\t\t\t\t\t\t\t\t\t<p>6. M\u00e9diation de la consommation<br \/>Conform\u00e9ment aux articles L.616-1 et R.616-1 du Code de la consommation, nous proposons un dispositif de m\u00e9diation de la consommation. L&#8217;entit\u00e9 de m\u00e9diation retenue est : [Name of your Mediator Service].<\/p><p>En cas de litige, vous pouvez d\u00e9poser votre r\u00e9clamation sur son site :<\/p><p>Ou par voie postale en \u00e9crivant \u00e0 : [Address of the Mediator]<\/p>\t\t\t\t\t\t\t\t<\/div>\n\t\t\t\t<\/div>\n\t\t\t\t\t<\/div>\n\t\t\t\t<\/div>\n\t\t\t\t<\/div>\n\t\t","protected":false},"excerpt":{"rendered":"<p>Mentions L\u00e9gales Conform\u00e9ment aux dispositions de la loi n\u00b0 2004-575 du 21 juin 2004 pour la confiance en l&#8217;\u00e9conomie num\u00e9rique, il est pr\u00e9cis\u00e9 aux utilisateurs du site solbiotech.fr l&#8217;identit\u00e9 des diff\u00e9rents intervenants dans le cadre de sa r\u00e9alisation et de son suivi. 1. \u00c9dition du siteLe pr\u00e9sent site, accessible \u00e0 l\u2019URL solbiotech.fr (le \u00ab Site [&hellip;]<\/p>\n","protected":false},"author":1,"featured_media":0,"parent":0,"menu_order":0,"comment_status":"closed","ping_status":"closed","template":"","meta":{"_acf_changed":false,"_uag_custom_page_level_css":"","site-sidebar-layout":"default","site-content-layout":"","ast-site-content-layout":"default","site-content-style":"default","site-sidebar-style":"default","ast-global-header-display":"","ast-banner-title-visibility":"","ast-main-header-display":"","ast-hfb-above-header-display":"","ast-hfb-below-header-display":"","ast-hfb-mobile-header-display":"","site-post-title":"","ast-breadcrumbs-content":"","ast-featured-img":"","footer-sml-layout":"","ast-disable-related-posts":"","theme-transparent-header-meta":"default","adv-header-id-meta":"","stick-header-meta":"default","header-above-stick-meta":"","header-main-stick-meta":"","header-below-stick-meta":"","astra-migrate-meta-layouts":"set","ast-page-background-enabled":"default","ast-page-background-meta":{"desktop":{"background-color":"var(--ast-global-color-4)","background-image":"","background-repeat":"repeat","background-position":"center center","background-size":"auto","background-attachment":"scroll","background-type":"","background-media":"","overlay-type":"","overlay-color":"","overlay-opacity":"","overlay-gradient":""},"tablet":{"background-color":"","background-image":"","background-repeat":"repeat","background-position":"center center","background-size":"auto","background-attachment":"scroll","background-type":"","background-media":"","overlay-type":"","overlay-color":"","overlay-opacity":"","overlay-gradient":""},"mobile":{"background-color":"","background-image":"","background-repeat":"repeat","background-position":"center center","background-size":"auto","background-attachment":"scroll","background-type":"","background-media":"","overlay-type":"","overlay-color":"","overlay-opacity":"","overlay-gradient":""}},"ast-content-background-meta":{"desktop":{"background-color":"var(--ast-global-color-5)","background-image":"","background-repeat":"repeat","background-position":"center center","background-size":"auto","background-attachment":"scroll","background-type":"","background-media":"","overlay-type":"","overlay-color":"","overlay-opacity":"","overlay-gradient":""},"tablet":{"background-color":"var(--ast-global-color-5)","background-image":"","background-repeat":"repeat","background-position":"center center","background-size":"auto","background-attachment":"scroll","background-type":"","background-media":"","overlay-type":"","overlay-color":"","overlay-opacity":"","overlay-gradient":""},"mobile":{"background-color":"var(--ast-global-color-5)","background-image":"","background-repeat":"repeat","background-position":"center center","background-size":"auto","background-attachment":"scroll","background-type":"","background-media":"","overlay-type":"","overlay-color":"","overlay-opacity":"","overlay-gradient":""}},"footnotes":""},"class_list":["post-2221","page","type-page","status-publish","hentry"],"acf":[],"uagb_featured_image_src":{"full":false,"thumbnail":false,"medium":false,"medium_large":false,"large":false,"1536x1536":false,"2048x2048":false,"woocommerce_thumbnail":false,"woocommerce_single":false,"woocommerce_gallery_thumbnail":false},"uagb_author_info":{"display_name":"804185pwpadmin","author_link":"https:\/\/solbiotech.fr\/en\/author\/804185pwpadmin\/"},"uagb_comment_info":0,"uagb_excerpt":"Mentions L\u00e9gales Conform\u00e9ment aux dispositions de la loi n\u00b0 2004-575 du 21 juin 2004 pour la confiance en l&#8217;\u00e9conomie num\u00e9rique, il est pr\u00e9cis\u00e9 aux utilisateurs du site solbiotech.fr l&#8217;identit\u00e9 des diff\u00e9rents intervenants dans le cadre de sa r\u00e9alisation et de son suivi. 1. \u00c9dition du siteLe pr\u00e9sent site, accessible \u00e0 l\u2019URL solbiotech.fr (le \u00ab Site&hellip;","_links":{"self":[{"href":"https:\/\/solbiotech.fr\/en\/wp-json\/wp\/v2\/pages\/2221","targetHints":{"allow":["GET"]}}],"collection":[{"href":"https:\/\/solbiotech.fr\/en\/wp-json\/wp\/v2\/pages"}],"about":[{"href":"https:\/\/solbiotech.fr\/en\/wp-json\/wp\/v2\/types\/page"}],"author":[{"embeddable":true,"href":"https:\/\/solbiotech.fr\/en\/wp-json\/wp\/v2\/users\/1"}],"replies":[{"embeddable":true,"href":"https:\/\/solbiotech.fr\/en\/wp-json\/wp\/v2\/comments?post=2221"}],"version-history":[{"count":11,"href":"https:\/\/solbiotech.fr\/en\/wp-json\/wp\/v2\/pages\/2221\/revisions"}],"predecessor-version":[{"id":2246,"href":"https:\/\/solbiotech.fr\/en\/wp-json\/wp\/v2\/pages\/2221\/revisions\/2246"}],"wp:attachment":[{"href":"https:\/\/solbiotech.fr\/en\/wp-json\/wp\/v2\/media?parent=2221"}],"curies":[{"name":"wp","href":"https:\/\/api.w.org\/{rel}","templated":true}]}}